{"id":1934,"date":"2023-10-02T13:36:34","date_gmt":"2023-10-02T06:36:34","guid":{"rendered":"http:\/\/10.228.26.34:38556\/WCMNM2024\/?page_id=1934"},"modified":"2024-07-03T13:05:51","modified_gmt":"2024-07-03T06:05:51","slug":"committee","status":"publish","type":"page","link":"https:\/\/www.mtec.or.th\/WCMNM2024\/committee\/","title":{"rendered":"Committee"},"content":{"rendered":"<h3>Congress Chair<\/h3>\n<ul style=\"list-style-type: circle;\">\n<li>Purit Thanakijkasem <i>(King Mongkut\u2019s University of Technology Thonburi, Thailand)<\/i><\/li>\n<\/ul>\n<h3>Congress Co-Chairs<\/h3>\n<ul style=\"list-style-type: circle;\">\n<li>Numpon Mahayotsanun <i>(King Mongkut\u2019s University of Technology North Bangkok, Thailand)<\/i><\/li>\n<li>Jo\u0161ko Valentin\u010di\u010d <em>(University of Ljubljana, Slovenia)<\/em><\/li>\n<li>Stefan Dimov <i>(University of Birmingham, UK)<\/i><\/li>\n<li>Kuniaki Dohda <i>(Northwestern University, USA)<\/i><\/li>\n<\/ul>\n<h3>Scientific Committee Chairs<\/h3>\n<ul style=\"list-style-type: circle;\">\n<li>Ping Guo <em>(Northwestern University, USA)<\/em><\/li>\n<li>Pavel Penchev <i>(University of Birmingham, UK)<\/i><\/li>\n<li>Tohru Sasaki <i>(University of Toyama, Japan)<\/i><\/li>\n<\/ul>\n<h3>International Scientific Committee<\/h3>\n<ul style=\"list-style-type: circle;\">\n<li>Tatsuhiko Aizawa <em>(Shibaura Institute of Technology, Japan)<\/em><\/li>\n<li>Massimiliano Annoni <em>(Polytechnic University of Milan, Italy)<\/em><\/li>\n<li>Kumar Arumugam <em>(NIST, USA)<\/em><\/li>\n<li>Samuel Bigot <em>(Cardiff University, UK)<\/em><\/li>\n<li>Giuliano Bissacco <em>(Technical University of Denmark, Denmark)<\/em><\/li>\n<li>Yuttanant Boonyongmaneerat <em>(Chulalongkorn University, Thailand)<\/em><\/li>\n<li>Evgueni Bordatchev <em>(National Research Council Canada, Canada)<\/em><\/li>\n<li>Stefania Bruschi <em>(University of Padua, Italy)<\/em><\/li>\n<li>Jian Cao <em>(Northwestern University, USA)<\/em><\/li>\n<li>Sylvie Castagne <em>(KU Leuven, Belgium)<\/em><\/li>\n<li>Chunhui Chung <em>(National Cheng Kung University, Taiwan)<\/em><\/li>\n<li>Michael Cullinan <em>(University of Texas at Austin, USA)<\/em><\/li>\n<li>Stefan Dimov <em>(University of Birmingham, UK)<\/em><\/li>\n<li>Kuniaki Dohda <em>(Northwestern University, USA)<\/em><\/li>\n<li>Gianluca D&#8217;Urso <em>(University of Bergamo, Italy)<\/em><\/li>\n<li>Kornel Ehmann <em>(Northwestern University, USA)<\/em><\/li>\n<li>Ahmed Elkaseer <em>(Karlsruhe Institute of Technology, Germany)<\/em><\/li>\n<li>Irene Fassi <em>(National Research Council, Italy)<\/em><\/li>\n<li>Eleonora Ferraris <em>(KU Leuven, Belgium)<\/em><\/li>\n<li>Ming-Wang Fu <em>(The Hong Kong Polytechnic University, Hong Kong)<\/em><\/li>\n<li>Tatsuya Funazuka <em>(University of Toyama, Japan)<\/em><\/li>\n<li>Yanquan Geng <em>(Harbin Institute of Technology, China)<\/em><\/li>\n<li>Christian Griffiths <em>(Swansea University, UK)<\/em><\/li>\n<li>Ping Guo <em>(Northwestern University, USA)<\/em><\/li>\n<li>Ankur Gupta <em>(Indian Institute of Technology Jodhpur, India)<\/em><\/li>\n<li>Hans N\u00f8rgaard Hansen <em>(Technical University of Denmark, Denmark)<\/em><\/li>\n<li>Albert Wen-Jeng Hsue <em>(National Kaohsiung University of Science and Technology, Taiwan)<\/em><\/li>\n<li>Suhas Joshi <em>(Indian Institute of Technology Bombay, India)<\/em><\/li>\n<li>Shiv Kapoor <em>(University of Illinois Urbana-Champaign, USA)<\/em><\/li>\n<li>Lawrence Kulinsky <em>(University of California, Irvine, USA)<\/em><\/li>\n<li>Senthil Kumar <em>(National University of Singapore, Singapore)<\/em><\/li>\n<li>Kuan-Ming Li <em>(National Taiwan University, Taiwan)<\/em><\/li>\n<li>Yong Li <em>(Tsinghua University, China)<\/em><\/li>\n<li>Yunn-Shiuan Liao <em>(National Taiwan University, Taiwan)<\/em><\/li>\n<li>Ming-Chyuan Lu <em>(National Chung Hsing University, Taiwan)<\/em><\/li>\n<li>Numpon Mahayotsanun <em>(King Mongkut&#8217;s University of Technology North Bangkok, Thailand)<\/em><\/li>\n<li>Deepak Marla <em>(Indian Institute of Technology Bombay, India)<\/em><\/li>\n<li>Davide Masato <em>(University of Massachusetts Lowell, USA)<\/em><\/li>\n<li>Takashi Matsumura <em>(Tokyo Denki University, Japan)<\/em><\/li>\n<li>Nonglak Meethong (Khon Kaen University, Thailand)<\/li>\n<li>Rinku Mittal <em>(Indian Institute of Technology Guwahati, India)<\/em><\/li>\n<li>Soham Mujumdar <em>(Indian Institute of Technology Bombay, India)<\/em><\/li>\n<li>Balasubramanian Nagarajan <em>(KU Leuven, Belgium)<\/em><\/li>\n<li>Wataru Natsu <em>(Tokyo University of Agriculture and Technology, Japan)<\/em><\/li>\n<li>Peerawatt Nunthavarawong <em>(King Mongkut&#8217;s University of Technology North Bangkok, Thailand)<\/em><\/li>\n<li>Burak Ozdoganlar <em>(Carnegie Mellon University, USA)<\/em><\/li>\n<li>Claudia Pagano <em>(National Research Council of Italy, Italy)<\/em><\/li>\n<li>Peerasak Paoprasert (Thammasat University, Thailand)<\/li>\n<li>Simon Park <em>(University of Calgary, Canada)<\/em><\/li>\n<li>Pavel Penchev <em>(University of Birmingham, UK)<\/em><\/li>\n<li>Petko Petkov <em>(University of Portsmouth, UK)<\/em><\/li>\n<li>Frank Pfefferkorn <em>(University of Wisconsin-Madison, USA)<\/em><\/li>\n<li>Nirand Pisutha-Arnond (Chiang Mai University, Thailand)<\/li>\n<li>Mariangela Quarto <em>(University of Bergamo, Italy)<\/em><\/li>\n<li>Kamlakar Rajurkar <em>(University of Nebraska-Lincoln, USA)<\/em><\/li>\n<li>Lara Rebaioli <em>(National Research Council of Italy, Italy)<\/em><\/li>\n<li>Sourabh Saha <em>(Georgia Institute of Technology, USA)<\/em><\/li>\n<li>Tohru Sasaki <em>(Univeristy of Toyama, Japan)<\/em><\/li>\n<li>Krishna Kumar Saxena <em>(KU Leuven, Belgium)<\/em><\/li>\n<li>Ramesh Singh <em>(IIT Bombay, India)<\/em><\/li>\n<li>Xu Song <em>(Chinese University of Hong Kong, Hong Kong, Hong Kong)<\/em><\/li>\n<li>Xuan (Sean) Song <em>(University of Iowa, USA)<\/em><\/li>\n<li>Marco Sorgato <em>(University of Padova, Italy)<\/em><\/li>\n<li>Rossella Surace <em>(National Research Council, Italy)<\/em><\/li>\n<li>Purit Thanakijkasem <em>(King Mongkut\u2019s University of Technology Thonburi, Thailand)<\/em><\/li>\n<li>Guido Tosello <em>(Technical University of Denmark, Denmark)<\/em><\/li>\n<li>Madhu Vadali <em>(Indian Institute of Technology Gandhinagar, India)<\/em><\/li>\n<li>Jo\u0161ko Valentin\u010di\u010d <em>(University of Ljubljana, Slovenia)<\/em><\/li>\n<li>Pierre Vella <em>(University of Malta, Malta)<\/em><\/li>\n<li>Thomas Velten <em>(Fraunhofer Institute for Biomedical Engineering, Germany)<\/em><\/li>\n<li>Shih-Ming Wang <em>(National Cheng Kung University, Taiwan)<\/em><\/li>\n<li>Jiwang Yan <em>(Keio University, Japan)<\/em><\/li>\n<li>Yongda Yan <em>(Harbin Institute of Technology, China)<\/em><\/li>\n<\/ul>\n<h3>Local Organizing Committee<\/h3>\n<ul style=\"list-style-type: circle;\">\n<li>Kobkul Amonmongkul <i>(National Metal and Materials Technology Center, Thailand)<\/i><\/li>\n<li>Nattasit Dancholvichit <i>(Rajamangala University of Technology Rattanakosin, Thailand)<\/i><\/li>\n<li>Petch Jearanaisilawong <em>(King Mongkut\u2019s University of Technology North Bangkok, Thailand)<\/em><\/li>\n<li>Pitichon Klomjit <i>(National Science and Technology Development Agency, Thailand)<\/i><\/li>\n<li>Peerapong Pinwanich <i>(National Metal and Materials Technology Center, Thailand)<\/i><\/li>\n<li>Sasawat Mahabunphachai <i>(Eastern Economic Corridor of Innovation, Thailand)<\/i><\/li>\n<li>Sukunthakan Ngernbamrung <i>(National Metal and Materials Technology Center, Thailand)<\/i><\/li>\n<li>Peerawatt Nunthavarawong <i>(King Mongkut\u2019s University of Technology North Bangkok, Thailand)<\/i><\/li>\n<li>Itchaya Sinchareonlert <i>(National Metal and Materials Technology Center, Thailand)<\/i><\/li>\n<li>Akrapol Soisungval <i>(National Metal and Materials Technology Center, Thailand)<\/i><\/li>\n<li>Kittichai Sojiphan <em>(King Mongkut\u2019s University of Technology North Bangkok, Thailand)<\/em><\/li>\n<li>Sedthawatt Sucharitpwatskul <i>(National Metal and Materials Technology Center, Thailand)<\/i><\/li>\n<li>Mettaya Sudchai <i>(National Metal and Materials Technology Center, Thailand)<\/i><\/li>\n<li>Silchai Sulkchood <i>(National Metal and Materials Technology Center, Thailand)<\/i><\/li>\n<li>Pongsak Tuengsook <i>(King Mongkut\u2019s University of Technology Thonburi, Thailand)<\/i><\/li>\n<li>Wanngam Weeraphasuk <i>(National Metal and Materials Technology Center, Thailand)<\/i><\/li>\n<\/ul>\n","protected":false},"excerpt":{"rendered":"<p>Congress Chair Purit Thanakijkasem (King Mongkut\u2019s University of Technology Thonburi, Thailand) Congress Co-Chairs Numpon Mahayotsanun (King Mongkut\u2019s University of Technology North Bangkok, Thailand) Jo\u0161ko Valentin\u010di\u010d (University of Ljubljana, Slovenia) Stefan [&hellip;]<\/p>\n","protected":false},"author":2,"featured_media":0,"parent":0,"menu_order":0,"comment_status":"closed","ping_status":"closed","template":"","meta":{"footnotes":""},"class_list":["post-1934","page","type-page","status-publish","hentry"],"_links":{"self":[{"href":"https:\/\/www.mtec.or.th\/WCMNM2024\/wp-json\/wp\/v2\/pages\/1934","targetHints":{"allow":["GET"]}}],"collection":[{"href":"https:\/\/www.mtec.or.th\/WCMNM2024\/wp-json\/wp\/v2\/pages"}],"about":[{"href":"https:\/\/www.mtec.or.th\/WCMNM2024\/wp-json\/wp\/v2\/types\/page"}],"author":[{"embeddable":true,"href":"https:\/\/www.mtec.or.th\/WCMNM2024\/wp-json\/wp\/v2\/users\/2"}],"replies":[{"embeddable":true,"href":"https:\/\/www.mtec.or.th\/WCMNM2024\/wp-json\/wp\/v2\/comments?post=1934"}],"version-history":[{"count":23,"href":"https:\/\/www.mtec.or.th\/WCMNM2024\/wp-json\/wp\/v2\/pages\/1934\/revisions"}],"predecessor-version":[{"id":2326,"href":"https:\/\/www.mtec.or.th\/WCMNM2024\/wp-json\/wp\/v2\/pages\/1934\/revisions\/2326"}],"wp:attachment":[{"href":"https:\/\/www.mtec.or.th\/WCMNM2024\/wp-json\/wp\/v2\/media?parent=1934"}],"curies":[{"name":"wp","href":"https:\/\/api.w.org\/{rel}","templated":true}]}}