{"id":1933,"date":"2025-07-07T13:46:00","date_gmt":"2025-07-07T06:46:00","guid":{"rendered":"http:\/\/10.228.26.34:31761\/ictmp2026\/?page_id=1933"},"modified":"2025-09-16T13:02:06","modified_gmt":"2025-09-16T06:02:06","slug":"committee-and-organizations","status":"publish","type":"page","link":"https:\/\/www.mtec.or.th\/ictmp2026\/committee-and-organizations\/","title":{"rendered":"Committee and Organizations"},"content":{"rendered":"<h3><strong>Conference Chairs<\/strong><\/h3>\n<p><b>Chair:<\/b><span style=\"font-weight: 400;\"> Kuniaki Dohda (Northwestern University, USA)<br \/>\n<\/span><b>Vice Chair:<\/b><span style=\"font-weight: 400;\"> Steven R. Schmid (UNC Charlotte, USA)<br \/>\n<\/span><b>Host Committee Chair:<\/b><span style=\"font-weight: 400;\"> Numpon Mahayotsanun (King Mongkut\u2019s University of Technology North Bangkok, Thailand)<br \/>\n<\/span><b>Host Committee Co-Chair:<\/b><span style=\"font-weight: 400;\"> Peerawatt Nunthavarawong (King Mongkut\u2019s University of Technology North Bangkok, Thailand)<\/span><\/p>\n<h3><strong>Executive Committee<\/strong><\/h3>\n<p><b>Chair:<\/b><span style=\"font-weight: 400;\">\u00a0<\/span><span style=\"font-weight: 400;\">Kuniaki Dohda (Northwestern University, USA)<br \/>\n<\/span><b>Members:\u00a0<\/b><span style=\"font-weight: 400;\">Tatsuhiko Aizawa (Shibaura Institute of Technology, Japan)<br \/>\n<\/span><span style=\"font-weight: 400;\">Laurent Dubar (Polytechnic University Hauts de France, France)<br \/>\n<\/span><span style=\"font-weight: 400;\">Peter Groche (Technical University of Darmstadt, Germany)<br \/>\n<\/span><span style=\"font-weight: 400;\">Kunio Hayakawa (Shizuoka University, Japan)<br \/>\n<\/span><span style=\"font-weight: 400;\">Chengliang Hu (Shanghai Jiao Tong University, China)<br \/>\n<\/span><span style=\"font-weight: 400;\">Kazuhiko Kitamura (Nagoya Institute of Technology, Japan)<br \/>\n<\/span><span style=\"font-weight: 400;\">Numpon Mahayotsanun (King Mongkut\u2019s University of Technology North Bangkok, Thailand)<br \/>\n<\/span><span style=\"font-weight: 400;\">Ryo Matsumoto (Osaka University, Japan)<br \/>\n<\/span><span style=\"font-weight: 400;\">Takashi Matsumura (Tokyo Denki University, Japan)<br \/>\n<\/span><span style=\"font-weight: 400;\">Pierre Montmitonnet (MINES Paris Tech, France)<br \/>\n<\/span><span style=\"font-weight: 400;\">Gracious Ngaile (North Carolina State University, USA)<br \/>\n<\/span><span style=\"font-weight: 400;\">Chris Valentin Nielsen (Technical University of Denmark, Denmark)<br \/>\n<\/span><span style=\"font-weight: 400;\">Steven R. Schmid (UNC Charlotte, USA)<br \/>\n<\/span><span style=\"font-weight: 400;\">Sathyan Subbiah (Indian Institute of Technology Madras, India)<br \/>\n<\/span><span style=\"font-weight: 400;\">Zhigang Wang (Gihu University, Japan)<\/span><\/p>\n<h3><strong>Scientific Committee<\/strong><\/h3>\n<p><b>Chair:<\/b><span style=\"font-weight: 400;\">\u00a0<\/span><span style=\"font-weight: 400;\">Kazuhiko Kitamura (Nagoya Institute of Technology, Japan)<br \/>\n<\/span><b>Members:\u00a0<\/b><span style=\"font-weight: 400;\">Kuniaki Dohda (Northwestern University, USA)<br \/>\n<\/span><span style=\"font-weight: 400;\">Pierre Montmitonnet (MINES Paris Tech, France)<br \/>\n<\/span><span style=\"font-weight: 400;\">Steven R. Schmid (UNC Charlotte, USA)<br \/>\n<\/span><span style=\"font-weight: 400;\">Peter Groche (Technical University of Darmstadt, Germany)<br \/>\n<\/span><span style=\"font-weight: 400;\">Numpon Mahayotsanun (King Mongkut\u2019s University of Technology North Bangkok, Thailand)<br \/>\n<\/span><span style=\"font-weight: 400;\">Gracious Ngaile (North Carolina State University, USA)<br \/>\n<\/span><span style=\"font-weight: 400;\">Sathyan Subbiah (Indian Institute of Technology Madras, India)<br \/>\n<\/span><span style=\"font-weight: 400;\">Chris Valentin Nielsen (Technical University of Denmark, Denmark)<br \/>\n<\/span><span style=\"font-weight: 400;\">Laurent Dubar (Polytechnic University Hauts de France, France)<br \/>\n<\/span><span style=\"font-weight: 400;\">Takashi Matsumura (Tokyo Denki University, Japan)<br \/>\n<\/span><span style=\"font-weight: 400;\">Tatsuhiko Aizawa (Shibaura Institute of Technology, Japan)<br \/>\n<\/span><span style=\"font-weight: 400;\">Miguel \u00c1ngel Sell\u00e9s Cant\u00f3 (Universitat Polit\u00e8cnica de Val\u00e8ncia, Spain)<br \/>\n<\/span><span style=\"font-weight: 400;\">Samuel S\u00e1nchez Caballero (Universitat Polit\u00e8cnica de Val\u00e8ncia, Spain)<br \/>\n<\/span><span style=\"font-weight: 400;\">Tim Pasang (Western Michigan University, USA)<br \/>\n<\/span><span style=\"font-weight: 400;\">Maziar Ramezani (Auckland University of Technology, New Zealand)<br \/>\n<\/span><span style=\"font-weight: 400;\">Kunio Hayakawa (Shizuoka University, Japan)<br \/>\n<\/span><span style=\"font-weight: 400;\">Zhigang Wang (Gihu University, Japan)<br \/>\n<\/span><span style=\"font-weight: 400;\">Ryo Matsumoto (Osaka University, Japan)<br \/>\n<\/span><span style=\"font-weight: 400;\">Chengliang Hu (Shanghai Jiao Tong University, China)<br \/>\n<\/span><span style=\"font-weight: 400;\">Miguel \u00c1ngel Peydr\u00f3 Rasero (Universitat Polit\u00e8cnica de Val\u00e8ncia, Spain)<br \/>\n<\/span><span style=\"font-weight: 400;\">Francisco Parres Garc\u00eda (Universitat Polit\u00e8cnica de Val\u00e8ncia, Spain)<br \/>\n<\/span><span style=\"font-weight: 400;\">Sergi Montava Jord\u00e0 (Universitat Polit\u00e8cnica de Val\u00e8ncia, Spain)<br \/>\n<\/span><span style=\"font-weight: 400;\">Teodomiro Boronat Vitoria (Universitat Polit\u00e8cnica de Val\u00e8ncia, Spain)<br \/>\n<\/span><span style=\"font-weight: 400;\">Juan Ivorra Mart\u00ednez (Universitat Polit\u00e8cnica de Val\u00e8ncia, Spain)<\/span><\/p>\n<h3><strong>Organizing Committee<\/strong><\/h3>\n<p><b>Chairs:<\/b><span style=\"font-weight: 400;\">\u00a0<\/span><span style=\"font-weight: 400;\">Numpon Mahayotsanun (King Mongkut\u2019s University of Technology North Bangkok, Thailand)<br \/>\n<\/span><span style=\"font-weight: 400;\">Peerawatt Nunthavarawong (King Mongkut\u2019s University of Technology North Bangkok, Thailand)<br \/>\n<\/span><span style=\"font-weight: 400;\">Kuniaki Dohda (Northwestern University, USA)<br \/>\n<\/span><b>Secretary:<\/b><span style=\"font-weight: 400;\">\u00a0<\/span><span style=\"font-weight: 400;\">Tatsuya Funazuka (University of Toyama, Japan)<br \/>\n<\/span><b>Members:<br \/>\n<\/b><span style=\"font-weight: 400;\">Kobkul Amonmongkul (National Metal and Materials Technology Center, Thailand)<br \/>\n<\/span><span style=\"font-weight: 400;\">Yuttanant Boonyongmaneerat (Chulalongkorn University, Thailand)<br \/>\n<\/span><span style=\"font-weight: 400;\">Nattasit Dancholvichit (Rajamangala University of Technology Rattanakosin, Thailand)<br \/>\n<\/span><span style=\"font-weight: 400;\">Petch Jearanaisilawong (King Mongkut\u2019s University of Technology North Bangkok, Thailand)<br \/>\n<\/span><span style=\"font-weight: 400;\">Boonrak Kanjanawarawanich (National Metal and Materials Technology Center, Thailand)<br \/>\n<\/span><span style=\"font-weight: 400;\">Pitichon Klomjit (National Science and Technology Development Agency, Thailand)<br \/>\n<\/span><span style=\"font-weight: 400;\">Boonrat Lohwongwatana (Chulalongkorn University, Thailand)<br \/>\n<\/span><span style=\"font-weight: 400;\">Peerapong Pinwanich (National Metal and Materials Technology Center, Thailand)<br \/>\n<\/span><span style=\"font-weight: 400;\">Sasawat Mahabunphachai (Eastern Economic Corridor of Innovation, Thailand)<br \/>\n<\/span><span style=\"font-weight: 400;\">Itchaya Sinchareonlert (National Metal and Materials Technology Center, Thailand)<br \/>\n<\/span><span style=\"font-weight: 400;\">Akrapol Soisungval (National Metal and Materials Technology Center, Thailand)<br \/>\n<\/span><span style=\"font-weight: 400;\">Kittichai Sojiphan (King Mongkut\u2019s University of Technology North Bangkok, Thailand)<br \/>\n<\/span><span style=\"font-weight: 400;\">Panuwat Soranansri (King Mongkut\u2019s University of Technology North Bangkok, Thailand)<br \/>\n<\/span><span style=\"font-weight: 400;\">Sedthawatt Sucharitpwatskul (National Metal and Materials Technology Center, Thailand)<br \/>\n<\/span><span style=\"font-weight: 400;\">Mettaya Sudchai (National Metal and Materials Technology Center, Thailand)<br \/>\n<\/span><span style=\"font-weight: 400;\">Silchai Sulkchood (National Metal and Materials Technology Center, Thailand)<br \/>\n<\/span><span style=\"font-weight: 400;\">Purit Thanakijkasem (King Mongkut\u2019s University of Technology Thonburi, Thailand)<br \/>\n<\/span><span style=\"font-weight: 400;\">Pongsak Tuengsook (King Mongkut\u2019s University of Technology Thonburi, Thailand)<br \/>\n<\/span><span style=\"font-weight: 400;\">Ekkarut Viyanit (National Metal and Materials Technology Center, Thailand)<br \/>\n<\/span><span style=\"font-weight: 400;\">Wanngam Weeraphasuk (National Metal and Materials Technology Center, Thailand)<\/span><\/p>\n<h3><strong>Organizations<\/strong><\/h3>\n<h4><b>Associations:<\/b><\/h4>\n<table  class=\" table table-hover\" style=\"border-collapse: collapse; width: 100%;\">\n<tbody>\n<tr>\n<td style=\"width: 25%;\"><img decoding=\"async\" class=\" wp-image-2071 aligncenter\" src=\"https:\/\/www.mtec.or.th\/ictmp2026\/wp-content\/uploads\/2025\/07\/IRGTM-300x128.png\" alt=\"\" width=\"145\" height=\"62\" srcset=\"https:\/\/www.mtec.or.th\/ictmp2026\/wp-content\/uploads\/2025\/07\/IRGTM-300x128.png 300w, https:\/\/www.mtec.or.th\/ictmp2026\/wp-content\/uploads\/2025\/07\/IRGTM-1024x438.png 1024w, https:\/\/www.mtec.or.th\/ictmp2026\/wp-content\/uploads\/2025\/07\/IRGTM-768x328.png 768w, https:\/\/www.mtec.or.th\/ictmp2026\/wp-content\/uploads\/2025\/07\/IRGTM.png 1300w\" sizes=\"(max-width: 145px) 100vw, 145px\" \/><\/td>\n<td style=\"width: 25%;\"><img decoding=\"async\" class=\" wp-image-2072 aligncenter\" src=\"https:\/\/www.mtec.or.th\/ictmp2026\/wp-content\/uploads\/2025\/07\/TTA-300x105.png\" alt=\"\" width=\"145\" height=\"51\" srcset=\"https:\/\/www.mtec.or.th\/ictmp2026\/wp-content\/uploads\/2025\/07\/TTA-300x105.png 300w, https:\/\/www.mtec.or.th\/ictmp2026\/wp-content\/uploads\/2025\/07\/TTA.png 624w\" sizes=\"(max-width: 145px) 100vw, 145px\" \/><\/td>\n<td style=\"width: 25%;\"><img decoding=\"async\" class=\" wp-image-2073 aligncenter\" src=\"https:\/\/www.mtec.or.th\/ictmp2026\/wp-content\/uploads\/2025\/07\/TCMA-300x126.jpg\" alt=\"\" width=\"135\" height=\"57\" srcset=\"https:\/\/www.mtec.or.th\/ictmp2026\/wp-content\/uploads\/2025\/07\/TCMA-300x126.jpg 300w, https:\/\/www.mtec.or.th\/ictmp2026\/wp-content\/uploads\/2025\/07\/TCMA.jpg 624w\" sizes=\"(max-width: 135px) 100vw, 135px\" \/><\/td>\n<td style=\"width: 25%;\"><img loading=\"lazy\" decoding=\"async\" class=\" wp-image-2074 aligncenter\" src=\"https:\/\/www.mtec.or.th\/ictmp2026\/wp-content\/uploads\/2025\/07\/TEPNET.png\" alt=\"\" width=\"88\" height=\"87\" srcset=\"https:\/\/www.mtec.or.th\/ictmp2026\/wp-content\/uploads\/2025\/07\/TEPNET.png 102w, https:\/\/www.mtec.or.th\/ictmp2026\/wp-content\/uploads\/2025\/07\/TEPNET-60x60.png 60w\" sizes=\"(max-width: 88px) 100vw, 88px\" \/><\/td>\n<\/tr>\n<\/tbody>\n<\/table>\n<h4><b>Institutions:<\/b><\/h4>\n<table  class=\" table table-hover\" style=\"border-collapse: collapse; width: 100%; height: 65px;\">\n<tbody>\n<tr style=\"height: 65px;\">\n<td style=\"width: 25%; height: 65px;\"><img loading=\"lazy\" decoding=\"async\" class=\" wp-image-2076 aligncenter\" src=\"https:\/\/www.mtec.or.th\/ictmp2026\/wp-content\/uploads\/2025\/07\/MTEC-300x128.png\" alt=\"\" width=\"124\" height=\"53\" srcset=\"https:\/\/www.mtec.or.th\/ictmp2026\/wp-content\/uploads\/2025\/07\/MTEC-300x128.png 300w, https:\/\/www.mtec.or.th\/ictmp2026\/wp-content\/uploads\/2025\/07\/MTEC-1024x437.png 1024w, https:\/\/www.mtec.or.th\/ictmp2026\/wp-content\/uploads\/2025\/07\/MTEC-768x328.png 768w, https:\/\/www.mtec.or.th\/ictmp2026\/wp-content\/uploads\/2025\/07\/MTEC-1536x656.png 1536w, https:\/\/www.mtec.or.th\/ictmp2026\/wp-content\/uploads\/2025\/07\/MTEC.png 1950w\" sizes=\"(max-width: 124px) 100vw, 124px\" \/><\/td>\n<td style=\"width: 25%; height: 65px;\"><img loading=\"lazy\" decoding=\"async\" class=\"wp-image-2077 aligncenter\" src=\"https:\/\/www.mtec.or.th\/ictmp2026\/wp-content\/uploads\/2025\/07\/KMUTNB-300x80.png\" alt=\"\" width=\"153\" height=\"41\" srcset=\"https:\/\/www.mtec.or.th\/ictmp2026\/wp-content\/uploads\/2025\/07\/KMUTNB-300x80.png 300w, https:\/\/www.mtec.or.th\/ictmp2026\/wp-content\/uploads\/2025\/07\/KMUTNB.png 624w\" sizes=\"(max-width: 153px) 100vw, 153px\" \/><\/td>\n<td style=\"width: 25%; height: 65px;\"><img loading=\"lazy\" decoding=\"async\" class=\" wp-image-2078 aligncenter\" src=\"https:\/\/www.mtec.or.th\/ictmp2026\/wp-content\/uploads\/2025\/07\/KMUTT-300x106.png\" alt=\"\" width=\"168\" height=\"59\" srcset=\"https:\/\/www.mtec.or.th\/ictmp2026\/wp-content\/uploads\/2025\/07\/KMUTT-300x106.png 300w, https:\/\/www.mtec.or.th\/ictmp2026\/wp-content\/uploads\/2025\/07\/KMUTT.png 624w\" sizes=\"(max-width: 168px) 100vw, 168px\" \/><\/td>\n<td style=\"width: 25%; height: 65px;\"><\/td>\n<\/tr>\n<\/tbody>\n<\/table>\n<p>&nbsp;<\/p>\n","protected":false},"excerpt":{"rendered":"<p>Conference Chairs Chair: Kuniaki Dohda (Northwestern University, USA) Vice Chair: Steven R. Schmid (UNC Charlotte, USA) Host Committee Chair: Numpon Mahayotsanun (King Mongkut\u2019s University of Technology North Bangkok, Thailand) Host Committee Co-Chair: Peerawatt Nunthavarawong (King Mongkut\u2019s University of Technology North Bangkok, Thailand) Executive Committee Chair:\u00a0Kuniaki Dohda (Northwestern University, USA) Members:\u00a0Tatsuhiko Aizawa (Shibaura Institute of Technology, [&hellip;]<\/p>\n","protected":false},"author":2,"featured_media":0,"parent":0,"menu_order":0,"comment_status":"closed","ping_status":"closed","template":"","meta":{"footnotes":""},"class_list":["post-1933","page","type-page","status-publish","hentry"],"_links":{"self":[{"href":"https:\/\/www.mtec.or.th\/ictmp2026\/wp-json\/wp\/v2\/pages\/1933","targetHints":{"allow":["GET"]}}],"collection":[{"href":"https:\/\/www.mtec.or.th\/ictmp2026\/wp-json\/wp\/v2\/pages"}],"about":[{"href":"https:\/\/www.mtec.or.th\/ictmp2026\/wp-json\/wp\/v2\/types\/page"}],"author":[{"embeddable":true,"href":"https:\/\/www.mtec.or.th\/ictmp2026\/wp-json\/wp\/v2\/users\/2"}],"replies":[{"embeddable":true,"href":"https:\/\/www.mtec.or.th\/ictmp2026\/wp-json\/wp\/v2\/comments?post=1933"}],"version-history":[{"count":14,"href":"https:\/\/www.mtec.or.th\/ictmp2026\/wp-json\/wp\/v2\/pages\/1933\/revisions"}],"predecessor-version":[{"id":2167,"href":"https:\/\/www.mtec.or.th\/ictmp2026\/wp-json\/wp\/v2\/pages\/1933\/revisions\/2167"}],"wp:attachment":[{"href":"https:\/\/www.mtec.or.th\/ictmp2026\/wp-json\/wp\/v2\/media?parent=1933"}],"curies":[{"name":"wp","href":"https:\/\/api.w.org\/{rel}","templated":true}]}}